{"id":677,"date":"2021-09-02T09:38:39","date_gmt":"2021-09-02T07:38:39","guid":{"rendered":"http:\/\/labocast-reunion.fr\/?page_id=677"},"modified":"2022-09-22T11:11:21","modified_gmt":"2022-09-22T07:11:21","slug":"fidelisation","status":"publish","type":"page","link":"http:\/\/labocast-reunion.fr\/en\/fidelisation\/","title":{"rendered":"Customer Loyalty"},"content":{"rendered":"<div data-elementor-type=\"wp-page\" data-elementor-id=\"677\" class=\"elementor elementor-677\" data-elementor-post-type=\"page\">\n\t\t\t\t\t\t<section class=\"elementor-section elementor-top-section elementor-element elementor-element-3feb2f5 elementor-section-height-min-height elementor-section-items-bottom elementor-section-boxed elementor-section-height-default\" data-id=\"3feb2f5\" data-element_type=\"section\" data-e-type=\"section\" data-settings=\"{&quot;background_background&quot;:&quot;classic&quot;,&quot;shape_divider_bottom&quot;:&quot;mountains&quot;}\">\n\t\t\t\t\t\t\t<div class=\"elementor-background-overlay\"><\/div>\n\t\t\t\t\t\t<div class=\"elementor-shape elementor-shape-bottom\" aria-hidden=\"true\" data-negative=\"false\">\n\t\t\t<svg xmlns=\"http:\/\/www.w3.org\/2000\/svg\" viewbox=\"0 0 1000 100\" preserveaspectratio=\"none\">\n\t<path class=\"elementor-shape-fill\" opacity=\"0.33\" d=\"M473,67.3c-203.9,88.3-263.1-34-320.3,0C66,119.1,0,59.7,0,59.7V0h1000v59.7 c0,0-62.1,26.1-94.9,29.3c-32.8,3.3-62.8-12.3-75.8-22.1C806,49.6,745.3,8.7,694.9,4.7S492.4,59,473,67.3z\"\/>\n\t<path class=\"elementor-shape-fill\" opacity=\"0.66\" d=\"M734,67.3c-45.5,0-77.2-23.2-129.1-39.1c-28.6-8.7-150.3-10.1-254,39.1 s-91.7-34.4-149.2,0C115.7,118.3,0,39.8,0,39.8V0h1000v36.5c0,0-28.2-18.5-92.1-18.5C810.2,18.1,775.7,67.3,734,67.3z\"\/>\n\t<path class=\"elementor-shape-fill\" d=\"M766.1,28.9c-200-57.5-266,65.5-395.1,19.5C242,1.8,242,5.4,184.8,20.6C128,35.8,132.3,44.9,89.9,52.5C28.6,63.7,0,0,0,0 h1000c0,0-9.9,40.9-83.6,48.1S829.6,47,766.1,28.9z\"\/>\n<\/svg>\t\t<\/div>\n\t\t\t\t\t<div class=\"elementor-container elementor-column-gap-wider\">\n\t\t\t\t\t<div class=\"elementor-column elementor-col-100 elementor-top-column elementor-element elementor-element-a35ae8a\" data-id=\"a35ae8a\" data-element_type=\"column\" data-e-type=\"column\">\n\t\t\t<div class=\"elementor-widget-wrap elementor-element-populated\">\n\t\t\t\t\t\t<div class=\"elementor-element elementor-element-65e623f elementor-widget elementor-widget-heading\" data-id=\"65e623f\" data-element_type=\"widget\" data-e-type=\"widget\" data-widget_type=\"heading.default\">\n\t\t\t\t<div class=\"elementor-widget-container\">\n\t\t\t\t\t<h1 class=\"elementor-heading-title elementor-size-default\">Customer Loyalty<\/h1>\t\t\t\t<\/div>\n\t\t\t\t<\/div>\n\t\t\t\t<div class=\"elementor-element elementor-element-347961e elementor-widget-divider--view-line elementor-widget elementor-widget-divider\" data-id=\"347961e\" data-element_type=\"widget\" data-e-type=\"widget\" data-widget_type=\"divider.default\">\n\t\t\t\t<div class=\"elementor-widget-container\">\n\t\t\t\t\t\t\t<div class=\"elementor-divider\">\n\t\t\t<span class=\"elementor-divider-separator\">\n\t\t\t\t\t\t<\/span>\n\t\t<\/div>\n\t\t\t\t\t\t<\/div>\n\t\t\t\t<\/div>\n\t\t\t\t\t<\/div>\n\t\t<\/div>\n\t\t\t\t\t<\/div>\n\t\t<\/section>\n\t\t\t\t<section class=\"elementor-section elementor-top-section elementor-element elementor-element-0cde9cd elementor-section-boxed elementor-section-height-default elementor-section-height-default\" data-id=\"0cde9cd\" data-element_type=\"section\" data-e-type=\"section\" data-settings=\"{&quot;background_background&quot;:&quot;classic&quot;}\">\n\t\t\t\t\t\t<div class=\"elementor-container elementor-column-gap-wider\">\n\t\t\t\t\t<div class=\"elementor-column elementor-col-100 elementor-top-column elementor-element elementor-element-1cef0e8\" data-id=\"1cef0e8\" data-element_type=\"column\" data-e-type=\"column\">\n\t\t\t<div class=\"elementor-widget-wrap elementor-element-populated\">\n\t\t\t\t\t\t<div class=\"elementor-element elementor-element-91225b0 elementor-widget elementor-widget-heading\" data-id=\"91225b0\" data-element_type=\"widget\" data-e-type=\"widget\" data-widget_type=\"heading.default\">\n\t\t\t\t<div class=\"elementor-widget-container\">\n\t\t\t\t\t<h2 class=\"elementor-heading-title elementor-size-default\">Invoicing and Loyalty Offers<\/h2>\t\t\t\t<\/div>\n\t\t\t\t<\/div>\n\t\t\t\t<div class=\"elementor-element elementor-element-3454257 elementor-widget elementor-widget-heading\" data-id=\"3454257\" data-element_type=\"widget\" data-e-type=\"widget\" data-widget_type=\"heading.default\">\n\t\t\t\t<div class=\"elementor-widget-container\">\n\t\t\t\t\t<h3 class=\"elementor-heading-title elementor-size-default\">Invoicing<\/h3>\t\t\t\t<\/div>\n\t\t\t\t<\/div>\n\t\t\t\t<div class=\"elementor-element elementor-element-c914aed elementor-widget elementor-widget-text-editor\" data-id=\"c914aed\" data-element_type=\"widget\" data-e-type=\"widget\" data-widget_type=\"text-editor.default\">\n\t\t\t\t<div class=\"elementor-widget-container\">\n\t\t\t\t\t\t\t\t\t<p>Monthly, you will receive an invoice detailing all the works delivered during the month. It is payable upon receipt within a maximum of 30 days.<\/p><p>The tax administration requires the application of Article D 441-5 of the Commercial Code regarding late payment of invoices. Consequently, in addition to the late payment penalties provided for in Article 2 of our general terms and conditions of sale, we will be obliged, in case of payment beyond the contractual deadline (i.e., 30 days after receipt of the invoice), to invoice you a lump sum indemnity of forty euros for recovery costs as provided by law.<\/p><p>Payment of the invoice can be made by:<\/p><p><span class=\"Apple-converted-space\">\u00a0<\/span>\u2013 Check<\/p><p>\u2013 Cash<\/p><p>\u2013 Credit card<\/p>\t\t\t\t\t\t\t\t<\/div>\n\t\t\t\t<\/div>\n\t\t\t\t<div class=\"elementor-element elementor-element-a6ae5ab elementor-widget elementor-widget-heading\" data-id=\"a6ae5ab\" data-element_type=\"widget\" data-e-type=\"widget\" data-widget_type=\"heading.default\">\n\t\t\t\t<div class=\"elementor-widget-container\">\n\t\t\t\t\t<h3 class=\"elementor-heading-title elementor-size-default\">Good to know<\/h3>\t\t\t\t<\/div>\n\t\t\t\t<\/div>\n\t\t\t\t<div class=\"elementor-element elementor-element-d08dbbc elementor-widget elementor-widget-heading\" data-id=\"d08dbbc\" data-element_type=\"widget\" data-e-type=\"widget\" data-widget_type=\"heading.default\">\n\t\t\t\t<div class=\"elementor-widget-container\">\n\t\t\t\t\t<h4 class=\"elementor-heading-title elementor-size-default\">Change of Shade<\/h4>\t\t\t\t<\/div>\n\t\t\t\t<\/div>\n\t\t\t\t<div class=\"elementor-element elementor-element-bb8d03a elementor-widget elementor-widget-text-editor\" data-id=\"bb8d03a\" data-element_type=\"widget\" data-e-type=\"widget\" data-widget_type=\"text-editor.default\">\n\t\t\t\t<div class=\"elementor-widget-container\">\n\t\t\t\t\t\t\t\t\t<p>Any change of shade from the initial order, even in the context of a repair or rework, will be invoiced according to our current tariff (Article 7 of our general terms and conditions of sale).<\/p>\t\t\t\t\t\t\t\t<\/div>\n\t\t\t\t<\/div>\n\t\t\t\t<div class=\"elementor-element elementor-element-235d7bc elementor-widget elementor-widget-heading\" data-id=\"235d7bc\" data-element_type=\"widget\" data-e-type=\"widget\" data-widget_type=\"heading.default\">\n\t\t\t\t<div class=\"elementor-widget-container\">\n\t\t\t\t\t<h4 class=\"elementor-heading-title elementor-size-default\">Return of Works<\/h4>\t\t\t\t<\/div>\n\t\t\t\t<\/div>\n\t\t\t\t<div class=\"elementor-element elementor-element-04f6391 elementor-widget elementor-widget-text-editor\" data-id=\"04f6391\" data-element_type=\"widget\" data-e-type=\"widget\" data-widget_type=\"text-editor.default\">\n\t\t\t\t<div class=\"elementor-widget-container\">\n\t\t\t\t\t\t\t\t\t<p>In case of defective works to be redone or modified, our clients are always invited to return them to us on the upper and lower plaster models, indicating the original order number. Otherwise, we will be obliged to invoice them for all newly performed works (Article 8 of our general terms and conditions of sale).<\/p>\t\t\t\t\t\t\t\t<\/div>\n\t\t\t\t<\/div>\n\t\t\t\t\t<\/div>\n\t\t<\/div>\n\t\t\t\t\t<\/div>\n\t\t<\/section>\n\t\t\t\t<\/div>","protected":false},"excerpt":{"rendered":"<p>Fid\u00e9lisation Facturation et offres de fid\u00e9lisation Facturation Mensuellement, une facture reprenant l&rsquo;ensemble des travaux livr\u00e9s dans le mois vous sera adress\u00e9e. Elle est payable \u00e0 r\u00e9ception dans un d\u00e9lai maximum de 30 jours. L&rsquo;administration fiscale rend obligatoire l&rsquo;application de l&rsquo;article D 441-5 du code de commerce relatif aux retards de paiement de factures. En cons\u00e9quence,&hellip; <a class=\"more-link\" href=\"http:\/\/labocast-reunion.fr\/en\/fidelisation\/\">Continue reading <span class=\"screen-reader-text\">Customer Loyalty<\/span><\/a><\/p>","protected":false},"author":1,"featured_media":0,"parent":0,"menu_order":0,"comment_status":"closed","ping_status":"closed","template":"elementor_header_footer","meta":{"footnotes":""},"class_list":["post-677","page","type-page","status-publish","hentry","entry"],"yoast_head":"<!-- This site is optimized with the Yoast SEO plugin v27.4 - https:\/\/yoast.com\/product\/yoast-seo-wordpress\/ -->\n<title>Fid\u00e9lisation - Labocast R\u00e9union<\/title>\n<meta name=\"robots\" content=\"index, follow, max-snippet:-1, max-image-preview:large, max-video-preview:-1\" \/>\n<link rel=\"canonical\" href=\"https:\/\/labocast-reunion.fr\/en\/fidelisation\/\" \/>\n<meta property=\"og:locale\" content=\"en_GB\" \/>\n<meta property=\"og:type\" content=\"article\" \/>\n<meta property=\"og:title\" content=\"Fid\u00e9lisation - Labocast R\u00e9union\" \/>\n<meta property=\"og:description\" content=\"Fid\u00e9lisation Facturation et offres de fid\u00e9lisation Facturation Mensuellement, une facture reprenant l&rsquo;ensemble des travaux livr\u00e9s dans le mois vous sera adress\u00e9e. Elle est payable \u00e0 r\u00e9ception dans un d\u00e9lai maximum de 30 jours. L&rsquo;administration fiscale rend obligatoire l&rsquo;application de l&rsquo;article D 441-5 du code de commerce relatif aux retards de paiement de factures. En cons\u00e9quence,&hellip; Continue reading Fid\u00e9lisation\" \/>\n<meta property=\"og:url\" content=\"https:\/\/labocast-reunion.fr\/en\/fidelisation\/\" \/>\n<meta property=\"og:site_name\" content=\"Labocast R\u00e9union\" \/>\n<meta property=\"article:modified_time\" content=\"2022-09-22T07:11:21+00:00\" \/>\n<meta name=\"twitter:card\" content=\"summary_large_image\" \/>\n<meta name=\"twitter:label1\" content=\"Est. reading time\" \/>\n\t<meta name=\"twitter:data1\" content=\"2 minutes\" \/>\n<script type=\"application\/ld+json\" class=\"yoast-schema-graph\">{\"@context\":\"https:\\\/\\\/schema.org\",\"@graph\":[{\"@type\":\"WebPage\",\"@id\":\"https:\\\/\\\/labocast-reunion.fr\\\/fidelisation\\\/\",\"url\":\"https:\\\/\\\/labocast-reunion.fr\\\/fidelisation\\\/\",\"name\":\"Fid\u00e9lisation - Labocast R\u00e9union\",\"isPartOf\":{\"@id\":\"http:\\\/\\\/labocast-reunion.fr\\\/en\\\/#website\"},\"datePublished\":\"2021-09-02T07:38:39+00:00\",\"dateModified\":\"2022-09-22T07:11:21+00:00\",\"breadcrumb\":{\"@id\":\"https:\\\/\\\/labocast-reunion.fr\\\/fidelisation\\\/#breadcrumb\"},\"inLanguage\":\"en-GB\",\"potentialAction\":[{\"@type\":\"ReadAction\",\"target\":[\"https:\\\/\\\/labocast-reunion.fr\\\/fidelisation\\\/\"]}]},{\"@type\":\"BreadcrumbList\",\"@id\":\"https:\\\/\\\/labocast-reunion.fr\\\/fidelisation\\\/#breadcrumb\",\"itemListElement\":[{\"@type\":\"ListItem\",\"position\":1,\"name\":\"Accueil\",\"item\":\"http:\\\/\\\/labocast-reunion.fr\\\/en\\\/\"},{\"@type\":\"ListItem\",\"position\":2,\"name\":\"Fid\u00e9lisation\"}]},{\"@type\":\"WebSite\",\"@id\":\"http:\\\/\\\/labocast-reunion.fr\\\/en\\\/#website\",\"url\":\"http:\\\/\\\/labocast-reunion.fr\\\/en\\\/\",\"name\":\"Labocast R\u00e9union\",\"description\":\"Labocast, l&#039;acteur de r\u00e9f\u00e9rence de la proth\u00e8se dentaire \u00e0 La R\u00e9union\",\"publisher\":{\"@id\":\"http:\\\/\\\/labocast-reunion.fr\\\/en\\\/#organization\"},\"potentialAction\":[{\"@type\":\"SearchAction\",\"target\":{\"@type\":\"EntryPoint\",\"urlTemplate\":\"http:\\\/\\\/labocast-reunion.fr\\\/en\\\/?s={search_term_string}\"},\"query-input\":{\"@type\":\"PropertyValueSpecification\",\"valueRequired\":true,\"valueName\":\"search_term_string\"}}],\"inLanguage\":\"en-GB\"},{\"@type\":\"Organization\",\"@id\":\"http:\\\/\\\/labocast-reunion.fr\\\/en\\\/#organization\",\"name\":\"Labocast R\u00e9union\",\"url\":\"http:\\\/\\\/labocast-reunion.fr\\\/en\\\/\",\"logo\":{\"@type\":\"ImageObject\",\"inLanguage\":\"en-GB\",\"@id\":\"http:\\\/\\\/labocast-reunion.fr\\\/en\\\/#\\\/schema\\\/logo\\\/image\\\/\",\"url\":\"https:\\\/\\\/labocast-reunion.fr\\\/wp-content\\\/uploads\\\/2021\\\/06\\\/cropped-logo-Labocast@2x.png\",\"contentUrl\":\"https:\\\/\\\/labocast-reunion.fr\\\/wp-content\\\/uploads\\\/2021\\\/06\\\/cropped-logo-Labocast@2x.png\",\"width\":365,\"height\":102,\"caption\":\"Labocast R\u00e9union\"},\"image\":{\"@id\":\"http:\\\/\\\/labocast-reunion.fr\\\/en\\\/#\\\/schema\\\/logo\\\/image\\\/\"}}]}<\/script>\n<!-- \/ Yoast SEO plugin. -->","yoast_head_json":{"title":"Fid\u00e9lisation - Labocast R\u00e9union","robots":{"index":"index","follow":"follow","max-snippet":"max-snippet:-1","max-image-preview":"max-image-preview:large","max-video-preview":"max-video-preview:-1"},"canonical":"https:\/\/labocast-reunion.fr\/en\/fidelisation\/","og_locale":"en_GB","og_type":"article","og_title":"Fid\u00e9lisation - Labocast R\u00e9union","og_description":"Fid\u00e9lisation Facturation et offres de fid\u00e9lisation Facturation Mensuellement, une facture reprenant l&rsquo;ensemble des travaux livr\u00e9s dans le mois vous sera adress\u00e9e. Elle est payable \u00e0 r\u00e9ception dans un d\u00e9lai maximum de 30 jours. L&rsquo;administration fiscale rend obligatoire l&rsquo;application de l&rsquo;article D 441-5 du code de commerce relatif aux retards de paiement de factures. En cons\u00e9quence,&hellip; Continue reading Fid\u00e9lisation","og_url":"https:\/\/labocast-reunion.fr\/en\/fidelisation\/","og_site_name":"Labocast R\u00e9union","article_modified_time":"2022-09-22T07:11:21+00:00","twitter_card":"summary_large_image","twitter_misc":{"Est. reading time":"2 minutes"},"schema":{"@context":"https:\/\/schema.org","@graph":[{"@type":"WebPage","@id":"https:\/\/labocast-reunion.fr\/fidelisation\/","url":"https:\/\/labocast-reunion.fr\/fidelisation\/","name":"Fid\u00e9lisation - Labocast R\u00e9union","isPartOf":{"@id":"http:\/\/labocast-reunion.fr\/en\/#website"},"datePublished":"2021-09-02T07:38:39+00:00","dateModified":"2022-09-22T07:11:21+00:00","breadcrumb":{"@id":"https:\/\/labocast-reunion.fr\/fidelisation\/#breadcrumb"},"inLanguage":"en-GB","potentialAction":[{"@type":"ReadAction","target":["https:\/\/labocast-reunion.fr\/fidelisation\/"]}]},{"@type":"BreadcrumbList","@id":"https:\/\/labocast-reunion.fr\/fidelisation\/#breadcrumb","itemListElement":[{"@type":"ListItem","position":1,"name":"Accueil","item":"http:\/\/labocast-reunion.fr\/en\/"},{"@type":"ListItem","position":2,"name":"Fid\u00e9lisation"}]},{"@type":"WebSite","@id":"http:\/\/labocast-reunion.fr\/en\/#website","url":"http:\/\/labocast-reunion.fr\/en\/","name":"Labocast R\u00e9union","description":"Labocast, l&#039;acteur de r\u00e9f\u00e9rence de la proth\u00e8se dentaire \u00e0 La R\u00e9union","publisher":{"@id":"http:\/\/labocast-reunion.fr\/en\/#organization"},"potentialAction":[{"@type":"SearchAction","target":{"@type":"EntryPoint","urlTemplate":"http:\/\/labocast-reunion.fr\/en\/?s={search_term_string}"},"query-input":{"@type":"PropertyValueSpecification","valueRequired":true,"valueName":"search_term_string"}}],"inLanguage":"en-GB"},{"@type":"Organization","@id":"http:\/\/labocast-reunion.fr\/en\/#organization","name":"Labocast R\u00e9union","url":"http:\/\/labocast-reunion.fr\/en\/","logo":{"@type":"ImageObject","inLanguage":"en-GB","@id":"http:\/\/labocast-reunion.fr\/en\/#\/schema\/logo\/image\/","url":"https:\/\/labocast-reunion.fr\/wp-content\/uploads\/2021\/06\/cropped-logo-Labocast@2x.png","contentUrl":"https:\/\/labocast-reunion.fr\/wp-content\/uploads\/2021\/06\/cropped-logo-Labocast@2x.png","width":365,"height":102,"caption":"Labocast R\u00e9union"},"image":{"@id":"http:\/\/labocast-reunion.fr\/en\/#\/schema\/logo\/image\/"}}]}},"_links":{"self":[{"href":"http:\/\/labocast-reunion.fr\/en\/wp-json\/wp\/v2\/pages\/677","targetHints":{"allow":["GET"]}}],"collection":[{"href":"http:\/\/labocast-reunion.fr\/en\/wp-json\/wp\/v2\/pages"}],"about":[{"href":"http:\/\/labocast-reunion.fr\/en\/wp-json\/wp\/v2\/types\/page"}],"author":[{"embeddable":true,"href":"http:\/\/labocast-reunion.fr\/en\/wp-json\/wp\/v2\/users\/1"}],"replies":[{"embeddable":true,"href":"http:\/\/labocast-reunion.fr\/en\/wp-json\/wp\/v2\/comments?post=677"}],"version-history":[{"count":115,"href":"http:\/\/labocast-reunion.fr\/en\/wp-json\/wp\/v2\/pages\/677\/revisions"}],"predecessor-version":[{"id":1587,"href":"http:\/\/labocast-reunion.fr\/en\/wp-json\/wp\/v2\/pages\/677\/revisions\/1587"}],"wp:attachment":[{"href":"http:\/\/labocast-reunion.fr\/en\/wp-json\/wp\/v2\/media?parent=677"}],"curies":[{"name":"wp","href":"https:\/\/api.w.org\/{rel}","templated":true}]}}