{"id":675,"date":"2021-09-02T09:38:23","date_gmt":"2021-09-02T07:38:23","guid":{"rendered":"http:\/\/labocast-reunion.fr\/?page_id=675"},"modified":"2021-10-15T14:08:36","modified_gmt":"2021-10-15T10:08:36","slug":"logistique","status":"publish","type":"page","link":"http:\/\/labocast-reunion.fr\/en\/logistique\/","title":{"rendered":"Logistics"},"content":{"rendered":"<div data-elementor-type=\"wp-page\" data-elementor-id=\"675\" class=\"elementor elementor-675\" data-elementor-post-type=\"page\">\n\t\t\t\t\t\t<section class=\"elementor-section elementor-top-section elementor-element elementor-element-ff98971 elementor-section-height-min-height elementor-section-items-bottom elementor-section-boxed elementor-section-height-default\" data-id=\"ff98971\" data-element_type=\"section\" data-e-type=\"section\" data-settings=\"{&quot;background_background&quot;:&quot;classic&quot;,&quot;shape_divider_bottom&quot;:&quot;mountains&quot;}\">\n\t\t\t\t\t\t\t<div class=\"elementor-background-overlay\"><\/div>\n\t\t\t\t\t\t<div class=\"elementor-shape elementor-shape-bottom\" aria-hidden=\"true\" data-negative=\"false\">\n\t\t\t<svg xmlns=\"http:\/\/www.w3.org\/2000\/svg\" viewbox=\"0 0 1000 100\" preserveaspectratio=\"none\">\n\t<path class=\"elementor-shape-fill\" opacity=\"0.33\" d=\"M473,67.3c-203.9,88.3-263.1-34-320.3,0C66,119.1,0,59.7,0,59.7V0h1000v59.7 c0,0-62.1,26.1-94.9,29.3c-32.8,3.3-62.8-12.3-75.8-22.1C806,49.6,745.3,8.7,694.9,4.7S492.4,59,473,67.3z\"\/>\n\t<path class=\"elementor-shape-fill\" opacity=\"0.66\" d=\"M734,67.3c-45.5,0-77.2-23.2-129.1-39.1c-28.6-8.7-150.3-10.1-254,39.1 s-91.7-34.4-149.2,0C115.7,118.3,0,39.8,0,39.8V0h1000v36.5c0,0-28.2-18.5-92.1-18.5C810.2,18.1,775.7,67.3,734,67.3z\"\/>\n\t<path class=\"elementor-shape-fill\" d=\"M766.1,28.9c-200-57.5-266,65.5-395.1,19.5C242,1.8,242,5.4,184.8,20.6C128,35.8,132.3,44.9,89.9,52.5C28.6,63.7,0,0,0,0 h1000c0,0-9.9,40.9-83.6,48.1S829.6,47,766.1,28.9z\"\/>\n<\/svg>\t\t<\/div>\n\t\t\t\t\t<div class=\"elementor-container elementor-column-gap-default\">\n\t\t\t\t\t<div class=\"elementor-column elementor-col-100 elementor-top-column elementor-element elementor-element-90e4b97\" data-id=\"90e4b97\" data-element_type=\"column\" data-e-type=\"column\">\n\t\t\t<div class=\"elementor-widget-wrap elementor-element-populated\">\n\t\t\t\t\t\t<div class=\"elementor-element elementor-element-660b5c1 elementor-widget elementor-widget-heading\" data-id=\"660b5c1\" data-element_type=\"widget\" data-e-type=\"widget\" data-widget_type=\"heading.default\">\n\t\t\t\t<div class=\"elementor-widget-container\">\n\t\t\t\t\t<h1 class=\"elementor-heading-title elementor-size-default\">Logistics<\/h1>\t\t\t\t<\/div>\n\t\t\t\t<\/div>\n\t\t\t\t<div class=\"elementor-element elementor-element-60533f2 elementor-widget-divider--view-line elementor-widget elementor-widget-divider\" data-id=\"60533f2\" data-element_type=\"widget\" data-e-type=\"widget\" data-widget_type=\"divider.default\">\n\t\t\t\t<div class=\"elementor-widget-container\">\n\t\t\t\t\t\t\t<div class=\"elementor-divider\">\n\t\t\t<span class=\"elementor-divider-separator\">\n\t\t\t\t\t\t<\/span>\n\t\t<\/div>\n\t\t\t\t\t\t<\/div>\n\t\t\t\t<\/div>\n\t\t\t\t\t<\/div>\n\t\t<\/div>\n\t\t\t\t\t<\/div>\n\t\t<\/section>\n\t\t\t\t<section class=\"elementor-section elementor-top-section elementor-element elementor-element-2e07f49 elementor-section-boxed elementor-section-height-default elementor-section-height-default\" data-id=\"2e07f49\" data-element_type=\"section\" data-e-type=\"section\" data-settings=\"{&quot;background_background&quot;:&quot;classic&quot;}\">\n\t\t\t\t\t\t<div class=\"elementor-container elementor-column-gap-wider\">\n\t\t\t\t\t<div class=\"elementor-column elementor-col-100 elementor-top-column elementor-element elementor-element-9867340\" data-id=\"9867340\" data-element_type=\"column\" data-e-type=\"column\">\n\t\t\t<div class=\"elementor-widget-wrap elementor-element-populated\">\n\t\t\t\t\t\t<div class=\"elementor-element elementor-element-8640002 elementor-widget elementor-widget-heading\" data-id=\"8640002\" data-element_type=\"widget\" data-e-type=\"widget\" data-widget_type=\"heading.default\">\n\t\t\t\t<div class=\"elementor-widget-container\">\n\t\t\t\t\t<h2 class=\"elementor-heading-title elementor-size-default\">Practical Procedures<\/h2>\t\t\t\t<\/div>\n\t\t\t\t<\/div>\n\t\t\t\t<div class=\"elementor-element elementor-element-6183c1c elementor-widget elementor-widget-heading\" data-id=\"6183c1c\" data-element_type=\"widget\" data-e-type=\"widget\" data-widget_type=\"heading.default\">\n\t\t\t\t<div class=\"elementor-widget-container\">\n\t\t\t\t\t<h3 class=\"elementor-heading-title elementor-size-default\">Order form<\/h3>\t\t\t\t<\/div>\n\t\t\t\t<\/div>\n\t\t\t\t<div class=\"elementor-element elementor-element-77248de elementor-widget elementor-widget-text-editor\" data-id=\"77248de\" data-element_type=\"widget\" data-e-type=\"widget\" data-widget_type=\"text-editor.default\">\n\t\t\t\t<div class=\"elementor-widget-container\">\n\t\t\t\t\t\t\t\t\t<p>To simplify the processing of your impressions, we provide you with three specific order forms: two for our production site in Antananarivo (conjunctive order form, adjunctive order form), and another for the sites in Hong-Kong\/Shenzhen. Each form is distinguished by a different color for clarity.<\/p><p>\u00a0<\/p><ol><li>Please make sure to affix your clinic's stamp and your signature to validate your order.<\/li><li>Indicate your client code, patient's name, or patient's reference number in the designated fields.<\/li><li>Check the relevant boxes to select the work to be performed and specify the tooth numbers.<\/li><li>Indicate the number of teeth to be fabricated.<\/li><li>Specify the appropriate shade.<\/li><li>Add any additional information that may be essential for the completion of the work. If possible, also provide the patient's appointment date, considering our indicated turnaround times (see <span style=\"color: #0d81ca;\"><a style=\"color: #0d81ca;\" href=\"http:\/\/labocast-reunion.fr\/en\/prothese-dentaire\/\">dental prothesis<\/a><\/span>)<\/li><\/ol>\t\t\t\t\t\t\t\t<\/div>\n\t\t\t\t<\/div>\n\t\t\t\t<div class=\"elementor-element elementor-element-728ea5d elementor-widget elementor-widget-heading\" data-id=\"728ea5d\" data-element_type=\"widget\" data-e-type=\"widget\" data-widget_type=\"heading.default\">\n\t\t\t\t<div class=\"elementor-widget-container\">\n\t\t\t\t\t<h3 class=\"elementor-heading-title elementor-size-default\">Warranty<\/h3>\t\t\t\t<\/div>\n\t\t\t\t<\/div>\n\t\t\t\t<div class=\"elementor-element elementor-element-9ae214d elementor-widget elementor-widget-text-editor\" data-id=\"9ae214d\" data-element_type=\"widget\" data-e-type=\"widget\" data-widget_type=\"text-editor.default\">\n\t\t\t\t<div class=\"elementor-widget-container\">\n\t\t\t\t\t\t\t\t\t<p>All our work is guaranteed for 3 years.<\/p><p>\"To benefit from the warranty, it is essential to provide the initial order number and the patient's name or reference, and systematically return all defective works to us.\nIn the absence of any of these elements, we would be obliged to invoice for the new prosthetic completion.\"<\/p>\t\t\t\t\t\t\t\t<\/div>\n\t\t\t\t<\/div>\n\t\t\t\t<div class=\"elementor-element elementor-element-b741d50 elementor-widget elementor-widget-heading\" data-id=\"b741d50\" data-element_type=\"widget\" data-e-type=\"widget\" data-widget_type=\"heading.default\">\n\t\t\t\t<div class=\"elementor-widget-container\">\n\t\t\t\t\t<h3 class=\"elementor-heading-title elementor-size-default\">Packaging<\/h3>\t\t\t\t<\/div>\n\t\t\t\t<\/div>\n\t\t\t\t<div class=\"elementor-element elementor-element-6b86f83 elementor-widget elementor-widget-text-editor\" data-id=\"6b86f83\" data-element_type=\"widget\" data-e-type=\"widget\" data-widget_type=\"text-editor.default\">\n\t\t\t\t<div class=\"elementor-widget-container\">\n\t\t\t\t\t\t\t\t\t<p>We kindly ask you to deliver your alginate impressions in cotton soaked in water, wrapped in absorbent paper, and sealed in an airtight bag. For better readability and interpretation, please separate your order form from the alginate. Ensure proper separation of plaster models from alginate impressions.<\/p>\t\t\t\t\t\t\t\t<\/div>\n\t\t\t\t<\/div>\n\t\t\t\t\t<\/div>\n\t\t<\/div>\n\t\t\t\t\t<\/div>\n\t\t<\/section>\n\t\t\t\t<section class=\"elementor-section elementor-top-section elementor-element elementor-element-43d772f elementor-section-boxed elementor-section-height-default elementor-section-height-default\" data-id=\"43d772f\" data-element_type=\"section\" data-e-type=\"section\" data-settings=\"{&quot;background_background&quot;:&quot;classic&quot;}\">\n\t\t\t\t\t\t<div class=\"elementor-container elementor-column-gap-wider\">\n\t\t\t\t\t<div class=\"elementor-column elementor-col-100 elementor-top-column elementor-element elementor-element-ab19227\" data-id=\"ab19227\" data-element_type=\"column\" data-e-type=\"column\">\n\t\t\t<div class=\"elementor-widget-wrap elementor-element-populated\">\n\t\t\t\t\t\t<div class=\"elementor-element elementor-element-ca8f0c4 elementor-widget elementor-widget-heading\" data-id=\"ca8f0c4\" data-element_type=\"widget\" data-e-type=\"widget\" data-widget_type=\"heading.default\">\n\t\t\t\t<div class=\"elementor-widget-container\">\n\t\t\t\t\t<h2 class=\"elementor-heading-title elementor-size-default\">Optimized Logistics<\/h2>\t\t\t\t<\/div>\n\t\t\t\t<\/div>\n\t\t\t\t<div class=\"elementor-element elementor-element-ba1bd11 elementor-widget elementor-widget-heading\" data-id=\"ba1bd11\" data-element_type=\"widget\" data-e-type=\"widget\" data-widget_type=\"heading.default\">\n\t\t\t\t<div class=\"elementor-widget-container\">\n\t\t\t\t\t<p class=\"elementor-heading-title elementor-size-default\">Open Year-Round, 6 Days a Week<\/p>\t\t\t\t<\/div>\n\t\t\t\t<\/div>\n\t\t\t\t<div class=\"elementor-element elementor-element-c8c0bb5 elementor-widget elementor-widget-text-editor\" data-id=\"c8c0bb5\" data-element_type=\"widget\" data-e-type=\"widget\" data-widget_type=\"text-editor.default\">\n\t\t\t\t<div class=\"elementor-widget-container\">\n\t\t\t\t\t\t\t\t\t<p>The laboratory is open year-round without interruption.<\/p><p>Our couriers collect your impressions free of charge within 24 hours of your call. Daily, they cover the entire island (except Cirques and Plaines) with one daily passage in your area.<\/p>\t\t\t\t\t\t\t\t<\/div>\n\t\t\t\t<\/div>\n\t\t\t\t<div class=\"elementor-element elementor-element-b79523a elementor-widget elementor-widget-heading\" data-id=\"b79523a\" data-element_type=\"widget\" data-e-type=\"widget\" data-widget_type=\"heading.default\">\n\t\t\t\t<div class=\"elementor-widget-container\">\n\t\t\t\t\t<h3 class=\"elementor-heading-title elementor-size-default\">Turnaround time<\/h3>\t\t\t\t<\/div>\n\t\t\t\t<\/div>\n\t\t\t\t<div class=\"elementor-element elementor-element-1d64f2c elementor-widget elementor-widget-text-editor\" data-id=\"1d64f2c\" data-element_type=\"widget\" data-e-type=\"widget\" data-widget_type=\"text-editor.default\">\n\t\t\t\t<div class=\"elementor-widget-container\">\n\t\t\t\t\t\t\t\t\t<p>The delivery time is 7 working days. Deliveries are made three times a week. We strive to maintain an export and import schedule throughout the year to meet the needs of our practitioners without disruptions. However, depending on the flight schedule, especially during school vacation periods, shipping and delivery days may change.<\/p>\t\t\t\t\t\t\t\t<\/div>\n\t\t\t\t<\/div>\n\t\t\t\t<div class=\"elementor-element elementor-element-9448407 elementor-widget elementor-widget-heading\" data-id=\"9448407\" data-element_type=\"widget\" data-e-type=\"widget\" data-widget_type=\"heading.default\">\n\t\t\t\t<div class=\"elementor-widget-container\">\n\t\t\t\t\t<h3 class=\"elementor-heading-title elementor-size-default\">Warning<\/h3>\t\t\t\t<\/div>\n\t\t\t\t<\/div>\n\t\t\t\t<div class=\"elementor-element elementor-element-a620da5 elementor-widget elementor-widget-text-editor\" data-id=\"a620da5\" data-element_type=\"widget\" data-e-type=\"widget\" data-widget_type=\"text-editor.default\">\n\t\t\t\t<div class=\"elementor-widget-container\">\n\t\t\t\t\t\t\t\t\t<p>Work is systematically delayed in case of questions, requests for new impressions, or lack of information on the order form. To avoid such issues, we advise you to be vigilant when completing the order form. Ensure your order form is as comprehensive as possible (nature of work, relevant tooth numbers, desired stage, shade, observations).<\/p>\t\t\t\t\t\t\t\t<\/div>\n\t\t\t\t<\/div>\n\t\t\t\t\t<\/div>\n\t\t<\/div>\n\t\t\t\t\t<\/div>\n\t\t<\/section>\n\t\t\t\t<\/div>","protected":false},"excerpt":{"rendered":"<p>Logistique Modalit\u00e9s pratiques Bon de commande Afin de simplifier le traitement de vos empreintes, nous mettons \u00e0 votre disposition trois bons de commande sp\u00e9cifiques: deux pour notre site de production \u00e0 Antananarivo (bon conjointe, bon adjointe) et un autre pour les sites de Hong-Kong\/Shenzhen. Dans un souci de clart\u00e9, chacun de ces bons porte une&hellip; <a class=\"more-link\" href=\"http:\/\/labocast-reunion.fr\/en\/logistique\/\">Continue reading <span class=\"screen-reader-text\">Logistics<\/span><\/a><\/p>","protected":false},"author":1,"featured_media":0,"parent":0,"menu_order":0,"comment_status":"closed","ping_status":"closed","template":"elementor_header_footer","meta":{"footnotes":""},"class_list":["post-675","page","type-page","status-publish","hentry","entry"],"yoast_head":"<!-- This site is optimized with the Yoast SEO plugin v27.4 - https:\/\/yoast.com\/product\/yoast-seo-wordpress\/ -->\n<title>Logistique - Labocast R\u00e9union<\/title>\n<meta name=\"robots\" content=\"index, follow, max-snippet:-1, max-image-preview:large, max-video-preview:-1\" \/>\n<link rel=\"canonical\" href=\"https:\/\/labocast-reunion.fr\/en\/logistique\/\" \/>\n<meta property=\"og:locale\" content=\"en_GB\" \/>\n<meta property=\"og:type\" content=\"article\" \/>\n<meta property=\"og:title\" content=\"Logistique - Labocast R\u00e9union\" \/>\n<meta property=\"og:description\" content=\"Logistique Modalit\u00e9s pratiques Bon de commande Afin de simplifier le traitement de vos empreintes, nous mettons \u00e0 votre disposition trois bons de commande sp\u00e9cifiques: deux pour notre site de production \u00e0 Antananarivo (bon conjointe, bon adjointe) et un autre pour les sites de Hong-Kong\/Shenzhen. Dans un souci de clart\u00e9, chacun de ces bons porte une&hellip; Continue reading Logistique\" \/>\n<meta property=\"og:url\" content=\"https:\/\/labocast-reunion.fr\/en\/logistique\/\" \/>\n<meta property=\"og:site_name\" content=\"Labocast R\u00e9union\" \/>\n<meta property=\"article:modified_time\" content=\"2021-10-15T10:08:36+00:00\" \/>\n<meta name=\"twitter:card\" content=\"summary_large_image\" \/>\n<meta name=\"twitter:label1\" content=\"Est. reading time\" \/>\n\t<meta name=\"twitter:data1\" content=\"2 minutes\" \/>\n<script type=\"application\/ld+json\" class=\"yoast-schema-graph\">{\"@context\":\"https:\\\/\\\/schema.org\",\"@graph\":[{\"@type\":\"WebPage\",\"@id\":\"https:\\\/\\\/labocast-reunion.fr\\\/logistique\\\/\",\"url\":\"https:\\\/\\\/labocast-reunion.fr\\\/logistique\\\/\",\"name\":\"Logistique - Labocast R\u00e9union\",\"isPartOf\":{\"@id\":\"http:\\\/\\\/labocast-reunion.fr\\\/en\\\/#website\"},\"datePublished\":\"2021-09-02T07:38:23+00:00\",\"dateModified\":\"2021-10-15T10:08:36+00:00\",\"breadcrumb\":{\"@id\":\"https:\\\/\\\/labocast-reunion.fr\\\/logistique\\\/#breadcrumb\"},\"inLanguage\":\"en-GB\",\"potentialAction\":[{\"@type\":\"ReadAction\",\"target\":[\"https:\\\/\\\/labocast-reunion.fr\\\/logistique\\\/\"]}]},{\"@type\":\"BreadcrumbList\",\"@id\":\"https:\\\/\\\/labocast-reunion.fr\\\/logistique\\\/#breadcrumb\",\"itemListElement\":[{\"@type\":\"ListItem\",\"position\":1,\"name\":\"Accueil\",\"item\":\"http:\\\/\\\/labocast-reunion.fr\\\/en\\\/\"},{\"@type\":\"ListItem\",\"position\":2,\"name\":\"Logistique\"}]},{\"@type\":\"WebSite\",\"@id\":\"http:\\\/\\\/labocast-reunion.fr\\\/en\\\/#website\",\"url\":\"http:\\\/\\\/labocast-reunion.fr\\\/en\\\/\",\"name\":\"Labocast R\u00e9union\",\"description\":\"Labocast, l&#039;acteur de r\u00e9f\u00e9rence de la proth\u00e8se dentaire \u00e0 La R\u00e9union\",\"publisher\":{\"@id\":\"http:\\\/\\\/labocast-reunion.fr\\\/en\\\/#organization\"},\"potentialAction\":[{\"@type\":\"SearchAction\",\"target\":{\"@type\":\"EntryPoint\",\"urlTemplate\":\"http:\\\/\\\/labocast-reunion.fr\\\/en\\\/?s={search_term_string}\"},\"query-input\":{\"@type\":\"PropertyValueSpecification\",\"valueRequired\":true,\"valueName\":\"search_term_string\"}}],\"inLanguage\":\"en-GB\"},{\"@type\":\"Organization\",\"@id\":\"http:\\\/\\\/labocast-reunion.fr\\\/en\\\/#organization\",\"name\":\"Labocast R\u00e9union\",\"url\":\"http:\\\/\\\/labocast-reunion.fr\\\/en\\\/\",\"logo\":{\"@type\":\"ImageObject\",\"inLanguage\":\"en-GB\",\"@id\":\"http:\\\/\\\/labocast-reunion.fr\\\/en\\\/#\\\/schema\\\/logo\\\/image\\\/\",\"url\":\"https:\\\/\\\/labocast-reunion.fr\\\/wp-content\\\/uploads\\\/2021\\\/06\\\/cropped-logo-Labocast@2x.png\",\"contentUrl\":\"https:\\\/\\\/labocast-reunion.fr\\\/wp-content\\\/uploads\\\/2021\\\/06\\\/cropped-logo-Labocast@2x.png\",\"width\":365,\"height\":102,\"caption\":\"Labocast R\u00e9union\"},\"image\":{\"@id\":\"http:\\\/\\\/labocast-reunion.fr\\\/en\\\/#\\\/schema\\\/logo\\\/image\\\/\"}}]}<\/script>\n<!-- \/ Yoast SEO plugin. -->","yoast_head_json":{"title":"Logistique - Labocast R\u00e9union","robots":{"index":"index","follow":"follow","max-snippet":"max-snippet:-1","max-image-preview":"max-image-preview:large","max-video-preview":"max-video-preview:-1"},"canonical":"https:\/\/labocast-reunion.fr\/en\/logistique\/","og_locale":"en_GB","og_type":"article","og_title":"Logistique - Labocast R\u00e9union","og_description":"Logistique Modalit\u00e9s pratiques Bon de commande Afin de simplifier le traitement de vos empreintes, nous mettons \u00e0 votre disposition trois bons de commande sp\u00e9cifiques: deux pour notre site de production \u00e0 Antananarivo (bon conjointe, bon adjointe) et un autre pour les sites de Hong-Kong\/Shenzhen. Dans un souci de clart\u00e9, chacun de ces bons porte une&hellip; Continue reading Logistique","og_url":"https:\/\/labocast-reunion.fr\/en\/logistique\/","og_site_name":"Labocast R\u00e9union","article_modified_time":"2021-10-15T10:08:36+00:00","twitter_card":"summary_large_image","twitter_misc":{"Est. reading time":"2 minutes"},"schema":{"@context":"https:\/\/schema.org","@graph":[{"@type":"WebPage","@id":"https:\/\/labocast-reunion.fr\/logistique\/","url":"https:\/\/labocast-reunion.fr\/logistique\/","name":"Logistique - Labocast R\u00e9union","isPartOf":{"@id":"http:\/\/labocast-reunion.fr\/en\/#website"},"datePublished":"2021-09-02T07:38:23+00:00","dateModified":"2021-10-15T10:08:36+00:00","breadcrumb":{"@id":"https:\/\/labocast-reunion.fr\/logistique\/#breadcrumb"},"inLanguage":"en-GB","potentialAction":[{"@type":"ReadAction","target":["https:\/\/labocast-reunion.fr\/logistique\/"]}]},{"@type":"BreadcrumbList","@id":"https:\/\/labocast-reunion.fr\/logistique\/#breadcrumb","itemListElement":[{"@type":"ListItem","position":1,"name":"Accueil","item":"http:\/\/labocast-reunion.fr\/en\/"},{"@type":"ListItem","position":2,"name":"Logistique"}]},{"@type":"WebSite","@id":"http:\/\/labocast-reunion.fr\/en\/#website","url":"http:\/\/labocast-reunion.fr\/en\/","name":"Labocast R\u00e9union","description":"Labocast, l&#039;acteur de r\u00e9f\u00e9rence de la proth\u00e8se dentaire \u00e0 La R\u00e9union","publisher":{"@id":"http:\/\/labocast-reunion.fr\/en\/#organization"},"potentialAction":[{"@type":"SearchAction","target":{"@type":"EntryPoint","urlTemplate":"http:\/\/labocast-reunion.fr\/en\/?s={search_term_string}"},"query-input":{"@type":"PropertyValueSpecification","valueRequired":true,"valueName":"search_term_string"}}],"inLanguage":"en-GB"},{"@type":"Organization","@id":"http:\/\/labocast-reunion.fr\/en\/#organization","name":"Labocast R\u00e9union","url":"http:\/\/labocast-reunion.fr\/en\/","logo":{"@type":"ImageObject","inLanguage":"en-GB","@id":"http:\/\/labocast-reunion.fr\/en\/#\/schema\/logo\/image\/","url":"https:\/\/labocast-reunion.fr\/wp-content\/uploads\/2021\/06\/cropped-logo-Labocast@2x.png","contentUrl":"https:\/\/labocast-reunion.fr\/wp-content\/uploads\/2021\/06\/cropped-logo-Labocast@2x.png","width":365,"height":102,"caption":"Labocast R\u00e9union"},"image":{"@id":"http:\/\/labocast-reunion.fr\/en\/#\/schema\/logo\/image\/"}}]}},"_links":{"self":[{"href":"http:\/\/labocast-reunion.fr\/en\/wp-json\/wp\/v2\/pages\/675","targetHints":{"allow":["GET"]}}],"collection":[{"href":"http:\/\/labocast-reunion.fr\/en\/wp-json\/wp\/v2\/pages"}],"about":[{"href":"http:\/\/labocast-reunion.fr\/en\/wp-json\/wp\/v2\/types\/page"}],"author":[{"embeddable":true,"href":"http:\/\/labocast-reunion.fr\/en\/wp-json\/wp\/v2\/users\/1"}],"replies":[{"embeddable":true,"href":"http:\/\/labocast-reunion.fr\/en\/wp-json\/wp\/v2\/comments?post=675"}],"version-history":[{"count":67,"href":"http:\/\/labocast-reunion.fr\/en\/wp-json\/wp\/v2\/pages\/675\/revisions"}],"predecessor-version":[{"id":1478,"href":"http:\/\/labocast-reunion.fr\/en\/wp-json\/wp\/v2\/pages\/675\/revisions\/1478"}],"wp:attachment":[{"href":"http:\/\/labocast-reunion.fr\/en\/wp-json\/wp\/v2\/media?parent=675"}],"curies":[{"name":"wp","href":"https:\/\/api.w.org\/{rel}","templated":true}]}}