{"id":1547,"date":"2022-09-21T08:39:59","date_gmt":"2022-09-21T04:39:59","guid":{"rendered":"https:\/\/labocast-reunion.fr\/?page_id=1547"},"modified":"2022-12-13T10:31:13","modified_gmt":"2022-12-13T06:31:13","slug":"gouttieres-alignement-transparentes-realigner","status":"publish","type":"page","link":"http:\/\/labocast-reunion.fr\/en\/gouttieres-alignement-transparentes-realigner\/","title":{"rendered":"Goutti\u00e8res realigner"},"content":{"rendered":"<div data-elementor-type=\"wp-page\" data-elementor-id=\"1547\" class=\"elementor elementor-1547\" data-elementor-post-type=\"page\">\n\t\t\t\t\t\t<section class=\"elementor-section elementor-top-section elementor-element elementor-element-a461c04 elementor-section-height-min-height elementor-section-items-bottom elementor-section-boxed elementor-section-height-default\" data-id=\"a461c04\" data-element_type=\"section\" data-e-type=\"section\" data-settings=\"{&quot;background_background&quot;:&quot;classic&quot;}\">\n\t\t\t\t\t\t\t<div class=\"elementor-background-overlay\"><\/div>\n\t\t\t\t\t\t\t<div class=\"elementor-container elementor-column-gap-default\">\n\t\t\t\t\t<div class=\"elementor-column elementor-col-100 elementor-top-column elementor-element elementor-element-d1250fe\" data-id=\"d1250fe\" data-element_type=\"column\" data-e-type=\"column\">\n\t\t\t<div class=\"elementor-widget-wrap elementor-element-populated\">\n\t\t\t\t\t\t<div class=\"elementor-element elementor-element-4521a5a elementor-widget elementor-widget-image\" data-id=\"4521a5a\" data-element_type=\"widget\" data-e-type=\"widget\" data-widget_type=\"image.default\">\n\t\t\t\t<div class=\"elementor-widget-container\">\n\t\t\t\t\t\t\t\t\t\t\t\t\t\t\t<img fetchpriority=\"high\" decoding=\"async\" width=\"680\" height=\"170\" src=\"https:\/\/labocast-reunion.fr\/wp-content\/uploads\/2022\/09\/logo-realigner.png\" class=\"attachment-large size-large wp-image-1597\" alt=\"\" srcset=\"https:\/\/labocast-reunion.fr\/wp-content\/uploads\/2022\/09\/logo-realigner.png 680w, https:\/\/labocast-reunion.fr\/wp-content\/uploads\/2022\/09\/logo-realigner-300x75.png 300w\" sizes=\"(max-width: 680px) 100vw, 680px\" style=\"width:100%;height:25%;max-width:680px\" \/>\t\t\t\t\t\t\t\t\t\t\t\t\t\t\t<\/div>\n\t\t\t\t<\/div>\n\t\t\t\t<div class=\"elementor-element elementor-element-a2290f0 elementor-widget elementor-widget-heading\" data-id=\"a2290f0\" data-element_type=\"widget\" data-e-type=\"widget\" data-widget_type=\"heading.default\">\n\t\t\t\t<div class=\"elementor-widget-container\">\n\t\t\t\t\t<h1 class=\"elementor-heading-title elementor-size-default\"> by LABOCAST R\u00e9union Mayotte<\/h1>\t\t\t\t<\/div>\n\t\t\t\t<\/div>\n\t\t\t\t<div class=\"elementor-element elementor-element-e4ae453 elementor-widget elementor-widget-heading\" data-id=\"e4ae453\" data-element_type=\"widget\" data-e-type=\"widget\" data-widget_type=\"heading.default\">\n\t\t\t\t<div class=\"elementor-widget-container\">\n\t\t\t\t\t<h2 class=\"elementor-heading-title elementor-size-default\">Custom Transparent Alignment Trays<\/h2>\t\t\t\t<\/div>\n\t\t\t\t<\/div>\n\t\t\t\t\t<\/div>\n\t\t<\/div>\n\t\t\t\t\t<\/div>\n\t\t<\/section>\n\t\t\t\t<section class=\"elementor-section elementor-top-section elementor-element elementor-element-8e3fb6a elementor-section-boxed elementor-section-height-default elementor-section-height-default\" data-id=\"8e3fb6a\" data-element_type=\"section\" data-e-type=\"section\" data-settings=\"{&quot;background_background&quot;:&quot;classic&quot;}\">\n\t\t\t\t\t\t<div class=\"elementor-container elementor-column-gap-default\">\n\t\t\t\t\t<div class=\"elementor-column elementor-col-100 elementor-top-column elementor-element elementor-element-6348b94\" data-id=\"6348b94\" data-element_type=\"column\" data-e-type=\"column\">\n\t\t\t<div class=\"elementor-widget-wrap elementor-element-populated\">\n\t\t\t\t\t\t<div class=\"elementor-element elementor-element-91d0801 elementor-widget elementor-widget-heading\" data-id=\"91d0801\" data-element_type=\"widget\" data-e-type=\"widget\" data-widget_type=\"heading.default\">\n\t\t\t\t<div class=\"elementor-widget-container\">\n\t\t\t\t\t<h2 class=\"elementor-heading-title elementor-size-default\">Offer an invisible treatment to your patients with mild dental misalignments<\/h2>\t\t\t\t<\/div>\n\t\t\t\t<\/div>\n\t\t\t\t<div class=\"elementor-element elementor-element-1cc66d9 elementor-widget elementor-widget-text-editor\" data-id=\"1cc66d9\" data-element_type=\"widget\" data-e-type=\"widget\" data-widget_type=\"text-editor.default\">\n\t\t\t\t<div class=\"elementor-widget-container\">\n\t\t\t\t\t\t\t\t\t<p>LABOCAST Reunion Mayotte now offers its invisible aligners system for the orthodontic treatment of mild dental misalignments.<\/p><p>\"Simplify your life! Quality - Speed - Accessibility\"<\/p><p>Benefit from our expertise and proximity to provide your patients with a comfortable and aesthetically pleasing solution, using the latest orthodontic technologies.<\/p><p>A solution for all dentists and orthodontists.<\/p>\t\t\t\t\t\t\t\t<\/div>\n\t\t\t\t<\/div>\n\t\t\t\t<div class=\"elementor-element elementor-element-131ed81 elementor-align-left elementor-widget elementor-widget-button\" data-id=\"131ed81\" data-element_type=\"widget\" data-e-type=\"widget\" data-widget_type=\"button.default\">\n\t\t\t\t<div class=\"elementor-widget-container\">\n\t\t\t\t\t\t\t\t\t<div class=\"elementor-button-wrapper\">\n\t\t\t\t\t<a class=\"elementor-button elementor-button-link elementor-size-md\" href=\"http:\/\/labocast-reunion.fr\/wp-content\/uploads\/2022\/08\/LABOCAST-gouttiere-realigner.pdf\" target=\"_blank\">\n\t\t\t\t\t\t<span class=\"elementor-button-content-wrapper\">\n\t\t\t\t\t\t<span class=\"elementor-button-icon\">\n\t\t\t\t<svg aria-hidden=\"true\" class=\"e-font-icon-svg e-far-file-pdf\" viewbox=\"0 0 384 512\" xmlns=\"http:\/\/www.w3.org\/2000\/svg\"><path d=\"M369.9 97.9L286 14C277 5 264.8-.1 252.1-.1H48C21.5 0 0 21.5 0 48v416c0 26.5 21.5 48 48 48h288c26.5 0 48-21.5 48-48V131.9c0-12.7-5.1-25-14.1-34zM332.1 128H256V51.9l76.1 76.1zM48 464V48h160v104c0 13.3 10.7 24 24 24h104v288H48zm250.2-143.7c-12.2-12-47-8.7-64.4-6.5-17.2-10.5-28.7-25-36.8-46.3 3.9-16.1 10.1-40.6 5.4-56-4.2-26.2-37.8-23.6-42.6-5.9-4.4 16.1-.4 38.5 7 67.1-10 23.9-24.9 56-35.4 74.4-20 10.3-47 26.2-51 46.2-3.3 15.8 26 55.2 76.1-31.2 22.4-7.4 46.8-16.5 68.4-20.1 18.9 10.2 41 17 55.8 17 25.5 0 28-28.2 17.5-38.7zm-198.1 77.8c5.1-13.7 24.5-29.5 30.4-35-19 30.3-30.4 35.7-30.4 35zm81.6-190.6c7.4 0 6.7 32.1 1.8 40.8-4.4-13.9-4.3-40.8-1.8-40.8zm-24.4 136.6c9.7-16.9 18-37 24.7-54.7 8.3 15.1 18.9 27.2 30.1 35.5-20.8 4.3-38.9 13.1-54.8 19.2zm131.6-5s-5 6-37.3-7.8c35.1-2.6 40.9 5.4 37.3 7.8z\"><\/path><\/svg>\t\t\t<\/span>\n\t\t\t\t\t\t\t\t\t<span class=\"elementor-button-text\">Consult our brochure<\/span>\n\t\t\t\t\t<\/span>\n\t\t\t\t\t<\/a>\n\t\t\t\t<\/div>\n\t\t\t\t\t\t\t\t<\/div>\n\t\t\t\t<\/div>\n\t\t\t\t\t<\/div>\n\t\t<\/div>\n\t\t\t\t\t<\/div>\n\t\t<\/section>\n\t\t\t\t<section class=\"elementor-section elementor-top-section elementor-element elementor-element-4eaeeea elementor-section-boxed elementor-section-height-default elementor-section-height-default\" data-id=\"4eaeeea\" data-element_type=\"section\" data-e-type=\"section\" data-settings=\"{&quot;background_background&quot;:&quot;classic&quot;}\">\n\t\t\t\t\t\t<div class=\"elementor-container elementor-column-gap-default\">\n\t\t\t\t\t<div class=\"elementor-column elementor-col-50 elementor-top-column elementor-element elementor-element-e6af7ac\" data-id=\"e6af7ac\" data-element_type=\"column\" data-e-type=\"column\">\n\t\t\t<div class=\"elementor-widget-wrap elementor-element-populated\">\n\t\t\t\t\t\t<div class=\"elementor-element elementor-element-e1841fb elementor-widget elementor-widget-image\" data-id=\"e1841fb\" data-element_type=\"widget\" data-e-type=\"widget\" data-widget_type=\"image.default\">\n\t\t\t\t<div class=\"elementor-widget-container\">\n\t\t\t\t\t\t\t\t\t\t\t\t\t\t\t<img decoding=\"async\" width=\"600\" height=\"900\" src=\"https:\/\/labocast-reunion.fr\/wp-content\/uploads\/2022\/09\/PIC_1248_900.jpg\" class=\"attachment-large size-large wp-image-1552\" alt=\"\" srcset=\"https:\/\/labocast-reunion.fr\/wp-content\/uploads\/2022\/09\/PIC_1248_900.jpg 600w, https:\/\/labocast-reunion.fr\/wp-content\/uploads\/2022\/09\/PIC_1248_900-200x300.jpg 200w\" sizes=\"(max-width: 600px) 100vw, 600px\" style=\"width:100%;height:150%;max-width:600px\" \/>\t\t\t\t\t\t\t\t\t\t\t\t\t\t\t<\/div>\n\t\t\t\t<\/div>\n\t\t\t\t\t<\/div>\n\t\t<\/div>\n\t\t\t\t<div class=\"elementor-column elementor-col-50 elementor-top-column elementor-element elementor-element-43e4a45\" data-id=\"43e4a45\" data-element_type=\"column\" data-e-type=\"column\">\n\t\t\t<div class=\"elementor-widget-wrap elementor-element-populated\">\n\t\t\t\t\t\t<div class=\"elementor-element elementor-element-79947f9 elementor-widget elementor-widget-image\" data-id=\"79947f9\" data-element_type=\"widget\" data-e-type=\"widget\" data-widget_type=\"image.default\">\n\t\t\t\t<div class=\"elementor-widget-container\">\n\t\t\t\t\t\t\t\t\t\t\t\t\t\t\t<img decoding=\"async\" width=\"600\" height=\"900\" src=\"https:\/\/labocast-reunion.fr\/wp-content\/uploads\/2022\/09\/PIC_1134_900.jpg\" class=\"attachment-large size-large wp-image-1551\" alt=\"\" srcset=\"https:\/\/labocast-reunion.fr\/wp-content\/uploads\/2022\/09\/PIC_1134_900.jpg 600w, https:\/\/labocast-reunion.fr\/wp-content\/uploads\/2022\/09\/PIC_1134_900-200x300.jpg 200w\" sizes=\"(max-width: 600px) 100vw, 600px\" style=\"width:100%;height:150%;max-width:600px\" \/>\t\t\t\t\t\t\t\t\t\t\t\t\t\t\t<\/div>\n\t\t\t\t<\/div>\n\t\t\t\t\t<\/div>\n\t\t<\/div>\n\t\t\t\t\t<\/div>\n\t\t<\/section>\n\t\t\t\t<\/div>","protected":false},"excerpt":{"rendered":"<p>by LABOCAST R\u00e9union Mayotte Goutti\u00e8res d&rsquo;alignement transparentes sur-mesure Proposez un traitement invisible \u00e0 vos patient(e)s souffrant de malpositions dentaires l\u00e9g\u00e8res LABOCAST R\u00e9union Mayotte vous propose d\u00e9sormais son syst\u00e8me\u00a0d&rsquo;aligners invisible pour le traitement orthodontique des malpositions dentaires\u00a0l\u00e9g\u00e8res. \u00ab\u00a0Simplifiez-vous la vie !\u00a0Qualit\u00e9 &#8211; Rapidit\u00e9 &#8211; Accessibilit\u00e9\u00a0\u00bb Profitez de notre expertise et de\u00a0notre proximit\u00e9 pour proposer \u00e0 vos&hellip; <a class=\"more-link\" href=\"http:\/\/labocast-reunion.fr\/en\/gouttieres-alignement-transparentes-realigner\/\">Continue reading <span class=\"screen-reader-text\">Goutti\u00e8res realigner<\/span><\/a><\/p>","protected":false},"author":1,"featured_media":0,"parent":0,"menu_order":0,"comment_status":"closed","ping_status":"closed","template":"elementor_header_footer","meta":{"footnotes":""},"class_list":["post-1547","page","type-page","status-publish","hentry","entry"],"yoast_head":"<!-- This site is optimized with the Yoast SEO plugin v27.4 - https:\/\/yoast.com\/product\/yoast-seo-wordpress\/ -->\n<title>REALIGNER : Goutti\u00e8res d&#039;alignement transparentes - Labocast R\u00e9union<\/title>\n<meta name=\"description\" content=\"LABOCAST R\u00e9union Mayotte vous propose son syst\u00e8me d\u2019aligners invisible pour le traitement orthodontique des malpositions dentaires l\u00e9g\u00e8res.\" \/>\n<meta name=\"robots\" content=\"index, follow, max-snippet:-1, max-image-preview:large, max-video-preview:-1\" \/>\n<link rel=\"canonical\" href=\"https:\/\/labocast-reunion.fr\/en\/gouttieres-alignement-transparentes-realigner\/\" \/>\n<meta property=\"og:locale\" content=\"en_GB\" \/>\n<meta property=\"og:type\" content=\"article\" \/>\n<meta property=\"og:title\" content=\"REALIGNER : Goutti\u00e8res d&#039;alignement transparentes - Labocast R\u00e9union\" \/>\n<meta property=\"og:description\" content=\"LABOCAST R\u00e9union Mayotte vous propose son syst\u00e8me d\u2019aligners invisible pour le traitement orthodontique des malpositions dentaires l\u00e9g\u00e8res.\" \/>\n<meta property=\"og:url\" content=\"https:\/\/labocast-reunion.fr\/en\/gouttieres-alignement-transparentes-realigner\/\" \/>\n<meta property=\"og:site_name\" content=\"Labocast R\u00e9union\" \/>\n<meta property=\"article:modified_time\" content=\"2022-12-13T06:31:13+00:00\" \/>\n<meta property=\"og:image\" content=\"http:\/\/labocast-reunion.fr\/wp-content\/uploads\/2022\/09\/logo-realigner.png\" \/>\n<meta name=\"twitter:card\" content=\"summary_large_image\" \/>\n<meta name=\"twitter:label1\" content=\"Est. reading time\" \/>\n\t<meta name=\"twitter:data1\" content=\"1 minute\" \/>\n<script type=\"application\/ld+json\" class=\"yoast-schema-graph\">{\"@context\":\"https:\\\/\\\/schema.org\",\"@graph\":[{\"@type\":\"WebPage\",\"@id\":\"https:\\\/\\\/labocast-reunion.fr\\\/gouttieres-alignement-transparentes-realigner\\\/\",\"url\":\"https:\\\/\\\/labocast-reunion.fr\\\/gouttieres-alignement-transparentes-realigner\\\/\",\"name\":\"REALIGNER : Goutti\u00e8res d'alignement transparentes - Labocast R\u00e9union\",\"isPartOf\":{\"@id\":\"http:\\\/\\\/labocast-reunion.fr\\\/en\\\/#website\"},\"primaryImageOfPage\":{\"@id\":\"https:\\\/\\\/labocast-reunion.fr\\\/gouttieres-alignement-transparentes-realigner\\\/#primaryimage\"},\"image\":{\"@id\":\"https:\\\/\\\/labocast-reunion.fr\\\/gouttieres-alignement-transparentes-realigner\\\/#primaryimage\"},\"thumbnailUrl\":\"http:\\\/\\\/labocast-reunion.fr\\\/wp-content\\\/uploads\\\/2022\\\/09\\\/logo-realigner.png\",\"datePublished\":\"2022-09-21T04:39:59+00:00\",\"dateModified\":\"2022-12-13T06:31:13+00:00\",\"description\":\"LABOCAST R\u00e9union Mayotte vous propose son syst\u00e8me d\u2019aligners invisible pour le traitement orthodontique des malpositions dentaires l\u00e9g\u00e8res.\",\"breadcrumb\":{\"@id\":\"https:\\\/\\\/labocast-reunion.fr\\\/gouttieres-alignement-transparentes-realigner\\\/#breadcrumb\"},\"inLanguage\":\"en-GB\",\"potentialAction\":[{\"@type\":\"ReadAction\",\"target\":[\"https:\\\/\\\/labocast-reunion.fr\\\/gouttieres-alignement-transparentes-realigner\\\/\"]}]},{\"@type\":\"ImageObject\",\"inLanguage\":\"en-GB\",\"@id\":\"https:\\\/\\\/labocast-reunion.fr\\\/gouttieres-alignement-transparentes-realigner\\\/#primaryimage\",\"url\":\"http:\\\/\\\/labocast-reunion.fr\\\/wp-content\\\/uploads\\\/2022\\\/09\\\/logo-realigner.png\",\"contentUrl\":\"http:\\\/\\\/labocast-reunion.fr\\\/wp-content\\\/uploads\\\/2022\\\/09\\\/logo-realigner.png\"},{\"@type\":\"BreadcrumbList\",\"@id\":\"https:\\\/\\\/labocast-reunion.fr\\\/gouttieres-alignement-transparentes-realigner\\\/#breadcrumb\",\"itemListElement\":[{\"@type\":\"ListItem\",\"position\":1,\"name\":\"Accueil\",\"item\":\"http:\\\/\\\/labocast-reunion.fr\\\/en\\\/\"},{\"@type\":\"ListItem\",\"position\":2,\"name\":\"Goutti\u00e8res realigner\"}]},{\"@type\":\"WebSite\",\"@id\":\"http:\\\/\\\/labocast-reunion.fr\\\/en\\\/#website\",\"url\":\"http:\\\/\\\/labocast-reunion.fr\\\/en\\\/\",\"name\":\"Labocast R\u00e9union\",\"description\":\"Labocast, l&#039;acteur de r\u00e9f\u00e9rence de la proth\u00e8se dentaire \u00e0 La R\u00e9union\",\"publisher\":{\"@id\":\"http:\\\/\\\/labocast-reunion.fr\\\/en\\\/#organization\"},\"potentialAction\":[{\"@type\":\"SearchAction\",\"target\":{\"@type\":\"EntryPoint\",\"urlTemplate\":\"http:\\\/\\\/labocast-reunion.fr\\\/en\\\/?s={search_term_string}\"},\"query-input\":{\"@type\":\"PropertyValueSpecification\",\"valueRequired\":true,\"valueName\":\"search_term_string\"}}],\"inLanguage\":\"en-GB\"},{\"@type\":\"Organization\",\"@id\":\"http:\\\/\\\/labocast-reunion.fr\\\/en\\\/#organization\",\"name\":\"Labocast R\u00e9union\",\"url\":\"http:\\\/\\\/labocast-reunion.fr\\\/en\\\/\",\"logo\":{\"@type\":\"ImageObject\",\"inLanguage\":\"en-GB\",\"@id\":\"http:\\\/\\\/labocast-reunion.fr\\\/en\\\/#\\\/schema\\\/logo\\\/image\\\/\",\"url\":\"https:\\\/\\\/labocast-reunion.fr\\\/wp-content\\\/uploads\\\/2021\\\/06\\\/cropped-logo-Labocast@2x.png\",\"contentUrl\":\"https:\\\/\\\/labocast-reunion.fr\\\/wp-content\\\/uploads\\\/2021\\\/06\\\/cropped-logo-Labocast@2x.png\",\"width\":365,\"height\":102,\"caption\":\"Labocast R\u00e9union\"},\"image\":{\"@id\":\"http:\\\/\\\/labocast-reunion.fr\\\/en\\\/#\\\/schema\\\/logo\\\/image\\\/\"}}]}<\/script>\n<!-- \/ Yoast SEO plugin. -->","yoast_head_json":{"title":"REALIGNER : Goutti\u00e8res d'alignement transparentes - Labocast R\u00e9union","description":"LABOCAST R\u00e9union Mayotte vous propose son syst\u00e8me d\u2019aligners invisible pour le traitement orthodontique des malpositions dentaires l\u00e9g\u00e8res.","robots":{"index":"index","follow":"follow","max-snippet":"max-snippet:-1","max-image-preview":"max-image-preview:large","max-video-preview":"max-video-preview:-1"},"canonical":"https:\/\/labocast-reunion.fr\/en\/gouttieres-alignement-transparentes-realigner\/","og_locale":"en_GB","og_type":"article","og_title":"REALIGNER : Goutti\u00e8res d'alignement transparentes - Labocast R\u00e9union","og_description":"LABOCAST R\u00e9union Mayotte vous propose son syst\u00e8me d\u2019aligners invisible pour le traitement orthodontique des malpositions dentaires l\u00e9g\u00e8res.","og_url":"https:\/\/labocast-reunion.fr\/en\/gouttieres-alignement-transparentes-realigner\/","og_site_name":"Labocast R\u00e9union","article_modified_time":"2022-12-13T06:31:13+00:00","og_image":[{"url":"http:\/\/labocast-reunion.fr\/wp-content\/uploads\/2022\/09\/logo-realigner.png","type":"","width":"","height":""}],"twitter_card":"summary_large_image","twitter_misc":{"Est. reading time":"1 minute"},"schema":{"@context":"https:\/\/schema.org","@graph":[{"@type":"WebPage","@id":"https:\/\/labocast-reunion.fr\/gouttieres-alignement-transparentes-realigner\/","url":"https:\/\/labocast-reunion.fr\/gouttieres-alignement-transparentes-realigner\/","name":"REALIGNER : Goutti\u00e8res d'alignement transparentes - Labocast R\u00e9union","isPartOf":{"@id":"http:\/\/labocast-reunion.fr\/en\/#website"},"primaryImageOfPage":{"@id":"https:\/\/labocast-reunion.fr\/gouttieres-alignement-transparentes-realigner\/#primaryimage"},"image":{"@id":"https:\/\/labocast-reunion.fr\/gouttieres-alignement-transparentes-realigner\/#primaryimage"},"thumbnailUrl":"http:\/\/labocast-reunion.fr\/wp-content\/uploads\/2022\/09\/logo-realigner.png","datePublished":"2022-09-21T04:39:59+00:00","dateModified":"2022-12-13T06:31:13+00:00","description":"LABOCAST R\u00e9union Mayotte vous propose son syst\u00e8me d\u2019aligners invisible pour le traitement orthodontique des malpositions dentaires l\u00e9g\u00e8res.","breadcrumb":{"@id":"https:\/\/labocast-reunion.fr\/gouttieres-alignement-transparentes-realigner\/#breadcrumb"},"inLanguage":"en-GB","potentialAction":[{"@type":"ReadAction","target":["https:\/\/labocast-reunion.fr\/gouttieres-alignement-transparentes-realigner\/"]}]},{"@type":"ImageObject","inLanguage":"en-GB","@id":"https:\/\/labocast-reunion.fr\/gouttieres-alignement-transparentes-realigner\/#primaryimage","url":"http:\/\/labocast-reunion.fr\/wp-content\/uploads\/2022\/09\/logo-realigner.png","contentUrl":"http:\/\/labocast-reunion.fr\/wp-content\/uploads\/2022\/09\/logo-realigner.png"},{"@type":"BreadcrumbList","@id":"https:\/\/labocast-reunion.fr\/gouttieres-alignement-transparentes-realigner\/#breadcrumb","itemListElement":[{"@type":"ListItem","position":1,"name":"Accueil","item":"http:\/\/labocast-reunion.fr\/en\/"},{"@type":"ListItem","position":2,"name":"Goutti\u00e8res realigner"}]},{"@type":"WebSite","@id":"http:\/\/labocast-reunion.fr\/en\/#website","url":"http:\/\/labocast-reunion.fr\/en\/","name":"Labocast R\u00e9union","description":"Labocast, l&#039;acteur de r\u00e9f\u00e9rence de la proth\u00e8se dentaire \u00e0 La R\u00e9union","publisher":{"@id":"http:\/\/labocast-reunion.fr\/en\/#organization"},"potentialAction":[{"@type":"SearchAction","target":{"@type":"EntryPoint","urlTemplate":"http:\/\/labocast-reunion.fr\/en\/?s={search_term_string}"},"query-input":{"@type":"PropertyValueSpecification","valueRequired":true,"valueName":"search_term_string"}}],"inLanguage":"en-GB"},{"@type":"Organization","@id":"http:\/\/labocast-reunion.fr\/en\/#organization","name":"Labocast R\u00e9union","url":"http:\/\/labocast-reunion.fr\/en\/","logo":{"@type":"ImageObject","inLanguage":"en-GB","@id":"http:\/\/labocast-reunion.fr\/en\/#\/schema\/logo\/image\/","url":"https:\/\/labocast-reunion.fr\/wp-content\/uploads\/2021\/06\/cropped-logo-Labocast@2x.png","contentUrl":"https:\/\/labocast-reunion.fr\/wp-content\/uploads\/2021\/06\/cropped-logo-Labocast@2x.png","width":365,"height":102,"caption":"Labocast R\u00e9union"},"image":{"@id":"http:\/\/labocast-reunion.fr\/en\/#\/schema\/logo\/image\/"}}]}},"_links":{"self":[{"href":"http:\/\/labocast-reunion.fr\/en\/wp-json\/wp\/v2\/pages\/1547","targetHints":{"allow":["GET"]}}],"collection":[{"href":"http:\/\/labocast-reunion.fr\/en\/wp-json\/wp\/v2\/pages"}],"about":[{"href":"http:\/\/labocast-reunion.fr\/en\/wp-json\/wp\/v2\/types\/page"}],"author":[{"embeddable":true,"href":"http:\/\/labocast-reunion.fr\/en\/wp-json\/wp\/v2\/users\/1"}],"replies":[{"embeddable":true,"href":"http:\/\/labocast-reunion.fr\/en\/wp-json\/wp\/v2\/comments?post=1547"}],"version-history":[{"count":27,"href":"http:\/\/labocast-reunion.fr\/en\/wp-json\/wp\/v2\/pages\/1547\/revisions"}],"predecessor-version":[{"id":1611,"href":"http:\/\/labocast-reunion.fr\/en\/wp-json\/wp\/v2\/pages\/1547\/revisions\/1611"}],"wp:attachment":[{"href":"http:\/\/labocast-reunion.fr\/en\/wp-json\/wp\/v2\/media?parent=1547"}],"curies":[{"name":"wp","href":"https:\/\/api.w.org\/{rel}","templated":true}]}}